{"id":6,"date":"2018-08-28T19:49:50","date_gmt":"2018-08-28T22:49:50","guid":{"rendered":"http:\/\/www.fwll.com.br\/\/?page_id=6"},"modified":"2022-09-22T15:09:03","modified_gmt":"2022-09-22T18:09:03","slug":"quem-somos","status":"publish","type":"page","link":"https:\/\/www.fwll.com.br\/index.php\/quem-somos\/","title":{"rendered":"Quem somos"},"content":{"rendered":"<p><section class=\"kc-elm kc-css-979423 kc_row\"><div class=\"kc-row-container  kc-container\"><div class=\"kc-wrap-columns\"><div class=\"kc-elm kc-css-186840 kc_col-sm-12 kc_column kc_col-sm-12\"><div class=\"kc-col-container\"><div class=\"kc-elm kc-css-303410\" style=\"height: 60px; clear: both; width:100%;\"><\/div><\/div><\/div><\/div><\/div><\/section><section class=\"kc-elm kc-css-250654 kc_row\"><div class=\"kc-row-container  kc-container\"><div class=\"kc-wrap-columns\"><div class=\"kc-elm kc-css-650794 kc_col-sm-6 kc_column kc_col-sm-6\"><div class=\"kc-col-container\"><div class=\"kc-elm kc-css-522724 kc_row kc_row_inner\"><div class=\"kc-elm kc-css-107242 kc_col-sm-12 kc_column_inner kc_col-sm-12\"><div class=\"kc_wrapper kc-col-inner-container\"><div class=\"kc-elm kc-css-591061\">\n\t<div class=\"kc-carousel_images kc-elm kc-css-591061\">\n\t\n\t\t<div class=\"kc-carousel-images owl-carousel-images kc-sync1 \" data-owl-i-options='{\"items\":\"1\",\"tablet\":\"1\",\"mobile\":\"1\",\"speed\":\"500\",\"navigation\":\"\",\"pagination\":\"yes\",\"autoheight\":\"\",\"progressbar\":\"yes\",\"delay\":\"8\",\"autoplay\":\"yes\",\"showthumb\":\"\",\"num_thumb\":\"5\"}'>\n\t\n\t\t\t\t\t<div class=\"item\">\n\t\n\t\t\t\t\t\t\t<img src=\"https:\/\/www.fwll.com.br\/wp-content\/uploads\/fwll-quem-somos-2.jpg\"  alt=\"\"\/>\n\t\n\t\t\t\t\n\t\t\t<\/div>\n\t\n\t\t\t\t\t<div class=\"item\">\n\t\n\t\t\t\t\t\t\t<img src=\"https:\/\/www.fwll.com.br\/wp-content\/uploads\/fwll-quemsomos-imagem2.jpg\"  alt=\"\"\/>\n\t\n\t\t\t\t\n\t\t\t<\/div>\n\t\n\t\t\t\n\t\t<\/div>\n\t\n\t\t\t<\/div>\n<\/div>\n<\/div><\/div><\/div><\/div><\/div><div class=\"kc-elm kc-css-27330 kc_col-sm-6 kc_column kc_col-sm-6\"><div class=\"kc-col-container\">\n<div class=\"kc-elm kc-css-663070 kc-title-wrap \">\n\n\t<h3 class=\"kc_title\">Quem somos<\/h3>\n<\/div>\n<div class=\"kc-elm kc-css-4572 kc_text_block\"><\/p>\n<p>A empresa foi fundada em 1994, dedicada ao com\u00e9rcio de materiais\u00a0el\u00e9tricos, hidr\u00e1ulicos e ferragens para os setores comercial e industrial.<br \/>\nA partir de 2019, agregamos \u00e0 FWLL o gerenciamento de obras al\u00e9m\u00a0do projeto e execu\u00e7\u00e3o, tendo como diferencial condi\u00e7\u00f5es comerciais\u00a0mais atrativas.<br \/>\nAtuamos em todo o Brasil, com a utiliza\u00e7\u00e3o de tecnologias e solu\u00e7\u00f5es construtivas adequadas para a redu\u00e7\u00e3o de custos e prazos nos servi\u00e7os executados. A busca pela melhoria cont\u00ednua dos processos, infraestrutura e qualifica\u00e7\u00e3o dos nossos profissionais, \u00e9 fator determinante para nossa empresa.<\/p>\n<p>\n<\/div><div class=\"kc-elm kc-css-929213\" style=\"height: 20px; clear: both; width:100%;\"><\/div>\n<div class=\"kc-elm kc-css-39985 kc-title-wrap \">\n\n\t<h3 class=\"kc_title\">Diretriz Corporativa<\/h3>\n<\/div>\n<div class=\"kc-elm kc-css-157707 kc_text_block\"><\/p>\n<p>Perenizar a empresa, ampliando de forma sustent\u00e1vel sua \u00e1rea de atua\u00e7\u00e3o e participa\u00e7\u00e3o de mercado, sendo reconhecida pela seguran\u00e7a, qualidade e agilidade com que desenvolve e executa seus projetos e pela transpar\u00eancia nas tratativas com seus clientes, parceiros e colaboradores.<\/p>\n<p>\n<\/div><\/div><\/div><\/div><\/div><\/section><\/p>\n","protected":false},"excerpt":{"rendered":"","protected":false},"author":1,"featured_media":0,"parent":0,"menu_order":2,"comment_status":"closed","ping_status":"closed","template":"","meta":[],"_links":{"self":[{"href":"https:\/\/www.fwll.com.br\/index.php\/wp-json\/wp\/v2\/pages\/6"}],"collection":[{"href":"https:\/\/www.fwll.com.br\/index.php\/wp-json\/wp\/v2\/pages"}],"about":[{"href":"https:\/\/www.fwll.com.br\/index.php\/wp-json\/wp\/v2\/types\/page"}],"author":[{"embeddable":true,"href":"https:\/\/www.fwll.com.br\/index.php\/wp-json\/wp\/v2\/users\/1"}],"replies":[{"embeddable":true,"href":"https:\/\/www.fwll.com.br\/index.php\/wp-json\/wp\/v2\/comments?post=6"}],"version-history":[{"count":53,"href":"https:\/\/www.fwll.com.br\/index.php\/wp-json\/wp\/v2\/pages\/6\/revisions"}],"predecessor-version":[{"id":425,"href":"https:\/\/www.fwll.com.br\/index.php\/wp-json\/wp\/v2\/pages\/6\/revisions\/425"}],"wp:attachment":[{"href":"https:\/\/www.fwll.com.br\/index.php\/wp-json\/wp\/v2\/media?parent=6"}],"curies":[{"name":"wp","href":"https:\/\/api.w.org\/{rel}","templated":true}]}}