{"id":300,"date":"2019-08-01T11:05:53","date_gmt":"2019-08-01T14:05:53","guid":{"rendered":"https:\/\/www.fwll.com.br\/?page_id=300"},"modified":"2022-09-15T16:18:34","modified_gmt":"2022-09-15T19:18:34","slug":"cases","status":"publish","type":"page","link":"https:\/\/www.fwll.com.br\/index.php\/cases\/","title":{"rendered":"Cases"},"content":{"rendered":"<p><section class=\"kc-elm kc-css-861642 kc_row\"><div class=\"kc-row-container  kc-container\"><div class=\"kc-wrap-columns\"><div class=\"kc-elm kc-css-661257 kc_col-sm-4 kc_column kc_col-sm-4\"><div class=\"kc-col-container\"><div class=\"kc-elm kc-css-835423 kc_shortcode kc_single_image\">\n\n        <img src=\"https:\/\/www.fwll.com.br\/wp-content\/uploads\/fwll_shopping-aurora.jpg\" class=\"\" alt=\"\" \/>    <\/div>\n\n<div class=\"kc-elm kc-css-484986 kc-title-wrap \">\n\n\t<h4 class=\"kc_title\">AURORA SHOPPING<\/h4>\n<\/div>\n<div class=\"kc-elm kc-css-152535\" style=\"height: 24px; clear: both; width:100%;\"><\/div><div class=\"kc-elm kc-css-641518 kc_text_block\"><\/p>\n<div class=\"leiamaishome\">\n<p><strong>Cliente<\/strong>: Aurora Incorporadora LTDA<br \/>\n<strong>Cidade<\/strong>: Londrina PR<\/p>\n<p>Servi\u00e7os Executados:<\/p>\n<ul>\n<li>Infraestrutura e instala\u00e7\u00e3o de CFTV e automa\u00e7\u00e3o<\/li>\n<li>Infraestrutura e instala\u00e7\u00e3o de Automa\u00e7\u00e3o<\/li>\n<li>Infraestrutura e instala\u00e7\u00e3o de Rede de dados e Voz<\/li>\n<li>Infraestrutura e instala\u00e7\u00e3o de Alarme de Inc\u00eandio<\/li>\n<\/ul>\n<\/div>\n<p><button class=\"btn-leiamais\">Ver mais<\/button><\/p>\n<p>\n<\/div><\/div><\/div><div class=\"kc-elm kc-css-332229 kc_col-sm-4 kc_column kc_col-sm-4\"><div class=\"kc-col-container\"><div class=\"kc-elm kc-css-69488 kc_shortcode kc_single_image\">\n\n        <img src=\"https:\/\/www.fwll.com.br\/wp-content\/uploads\/fwll_portao.jpg\" class=\"\" alt=\"\" \/>    <\/div>\n\n<div class=\"kc-elm kc-css-274809 kc-title-wrap \">\n\n\t<h4 class=\"kc_title\">WALMART PORT\u00c3O<\/h4>\n<\/div>\n<div class=\"kc-elm kc-css-237601\" style=\"height: 24px; clear: both; width:100%;\"><\/div><div class=\"kc-elm kc-css-23596 kc_text_block\"><\/p>\n<div class=\"leiamaishome\">\n<p><strong>Cliente<\/strong>: Walmart Brasil Ltda<br \/>\n<strong>Cidade<\/strong>: Curitiba \u2013 PR<\/p>\n<p>Servi\u00e7os Executados:<\/p>\n<ul>\n<li>Parametriza\u00e7\u00e3o do Rel\u00e9 de m\u00e9dia tens\u00e3o<\/li>\n<li>Manuten\u00e7\u00e3o na Cabine de medi\u00e7\u00e3o em m\u00e9dia tens\u00e3o<\/li>\n<li>Manuten\u00e7\u00e3o na Cabine de transforma\u00e7\u00e3o<\/li>\n<li>Adequa\u00e7\u00e3o do QGBT e quadros de distribui\u00e7\u00e3o NR 10<\/li>\n<li>Instala\u00e7\u00e3o de nova Central de Alarmes de<\/li>\n<li>Inc\u00eandio Siemens<\/li>\n<li>Reforma das instala\u00e7\u00f5es El\u00e9tricas e hidr\u00e1ulicas dos laborat\u00f3rios da \u00e1rea de preparo<\/li>\n<li>PPCI completo da Loja<\/li>\n<li>Instala\u00e7\u00e3o de novos pontos de Checkout<\/li>\n<li>Infraestrutura para Rede de dados e voz e para sistema de som<\/li>\n<li>Laudo SPDA<\/li>\n<li>Laudo de Luminot\u00e9cnico<\/li>\n<li>Laudo de Termogr\u00e1fica<\/li>\n<li>Laudo de Rede de g\u00e1s \u2013 GLP<\/li>\n<li>Troca de Toda ilumina\u00e7\u00e3o da loja por Lumin\u00e1rias LED<\/li>\n<li>Manuten\u00e7\u00e3o das Bombas de Recalque e motobomba Diesel de inc\u00eandio<\/li>\n<li>Instala\u00e7\u00e3o de rede de \u00e1gua pluvial<\/li>\n<li>Instala\u00e7\u00e3o de Novos pontos para g\u00e1s \u2013 GLP<\/li>\n<li>Readequa\u00e7\u00e3o de rede de esgoto<\/li>\n<li>Reforma das instala\u00e7\u00f5es El\u00e9tricas<\/li>\n<\/ul>\n<\/div>\n<p><button class=\"btn-leiamais\">Ver mais<\/button><\/p>\n<p>\n<\/div><\/div><\/div><div class=\"kc-elm kc-css-292372 kc_col-sm-4 kc_column kc_col-sm-4\"><div class=\"kc-col-container\"><div class=\"kc-elm kc-css-272653 kc_shortcode kc_single_image\">\n\n        <img src=\"https:\/\/www.fwll.com.br\/wp-content\/uploads\/fwll_portao_2.jpg\" class=\"\" alt=\"\" \/>    <\/div>\n\n<div class=\"kc-elm kc-css-772763 kc-title-wrap \">\n\n\t<h4 class=\"kc_title\">LOJAS AMERICANAS SHOPPING CRISTAL<\/h4>\n<\/div>\n<div class=\"kc-elm kc-css-250889 kc_text_block\"><\/p>\n<div class=\"leiamaishome\">\n<p><strong>Cliente<\/strong>: Lojas Americanas<br \/>\n<strong>Cidade<\/strong>: Curitiba \u2013 PR<\/p>\n<p>Servi\u00e7os Executados :<\/p>\n<ul>\n<li>Instala\u00e7\u00e3o de Lumin\u00e1rias e tomadas<\/li>\n<li>Instala\u00e7\u00e3o de infraestrutura de Eletrocalhas<\/li>\n<li>Instala\u00e7\u00e3o de nova Central de Alarme de Inc\u00eandio e detectores de fuma\u00e7a endere\u00e7\u00e1veis<\/li>\n<li>PPCI completo da Loja<\/li>\n<li>Infraestrutura para Rede de Dados e Voz e sistema de som<\/li>\n<li>Laudo SPDA<\/li>\n<li>Laudo Luminot\u00e9nico<\/li>\n<li>Montagem de Banheiros e readequa\u00e7\u00e3o de rede de esgotos<\/li>\n<li>Instala\u00e7\u00e3o de \u00e1gua Fria<\/li>\n<li>Instala\u00e7\u00e3o de Ramais Alimentadores<\/li>\n<li>Instala\u00e7\u00e3o de Quadro El\u00e9tricos Comuns e estabilizados<\/li>\n<li>Instala\u00e7\u00e3o de Nobreak<\/li>\n<\/ul>\n<\/div>\n<p><button class=\"btn-leiamais\">Ver mais<\/button><\/p>\n<p>\n<\/div><\/div><\/div><\/div><\/div><\/section><section class=\"kc-elm kc-css-265026 kc_row\"><div class=\"kc-row-container  kc-container\"><div class=\"kc-wrap-columns\"><div class=\"kc-elm kc-css-4786 kc_col-sm-12 kc_column kc_col-sm-12\"><div class=\"kc-col-container\"><div class=\"kc-elm kc-css-5420\" style=\"height: 20px; clear: both; width:100%;\"><\/div><\/div><\/div><\/div><\/div><\/section><section class=\"kc-elm kc-css-520461 kc_row\"><div class=\"kc-row-container  kc-container\"><div class=\"kc-wrap-columns\"><div class=\"kc-elm kc-css-977811 kc_col-sm-4 kc_column kc_col-sm-4\"><div class=\"kc-col-container\"><div class=\"kc-elm kc-css-173551 kc_shortcode kc_single_image\">\n\n        <img src=\"https:\/\/www.fwll.com.br\/wp-content\/uploads\/fwll_salcabras-2.jpg\" class=\"\" alt=\"\" \/>    <\/div>\n\n<div class=\"kc-elm kc-css-61805 kc-title-wrap \">\n\n\t<h4 class=\"kc_title\">AL\u00c7ABRAS IND\u00daSTRIA<\/h4>\n<\/div>\n<div class=\"kc-elm kc-css-747660 kc_text_block\"><\/p>\n<div class=\"leiamaishome\">\n<p><strong>Cliente<\/strong>: Al\u00e7abras<br \/>\n<strong>Cidade<\/strong>: Araucaria \u2013 PR<\/p>\n<p>Servi\u00e7os Executados :<\/p>\n<ul>\n<li>Entrada de Energia em M\u00e9dia Ten\u00e7\u00e3o 2750 KVA<\/li>\n<li>Montagem de infraestrutura El\u00e9trica para Extrusora<\/li>\n<li>Instala\u00e7\u00e3o de tomadas e infraestrutura para eletrocalhas<\/li>\n<li>PPCI \u2013 Escrit\u00f3rio \/F\u00e1brica<\/li>\n<\/ul>\n<\/div>\n<p><button class=\"btn-leiamais\">Ver mais<\/button><\/p>\n<p>\n<\/div><\/div><\/div><div class=\"kc-elm kc-css-505387 kc_col-sm-4 kc_column kc_col-sm-4\"><div class=\"kc-col-container\"><div class=\"kc-elm kc-css-301090 kc_shortcode kc_single_image\">\n\n        <img src=\"https:\/\/www.fwll.com.br\/wp-content\/uploads\/fwll_sams-club.jpg\" class=\"\" alt=\"\" \/>    <\/div>\n\n<div class=\"kc-elm kc-css-63921 kc-title-wrap \">\n\n\t<h4 class=\"kc_title\">SAM'S CLUBE<\/h4>\n<\/div>\n<div class=\"kc-elm kc-css-488208 kc_text_block\"><\/p>\n<div class=\"leiamaishome\">\n<p><strong>Cliente<\/strong>: Walmart Brasil Ltda<br \/>\n<strong>Cidade<\/strong>: Curitiba \u2013 PR<\/p>\n<p>Servi\u00e7os Executados:<\/p>\n<ul>\n<li>Instala\u00e7\u00e3o de Nova Moto bomba Sistema de SPRINKLER<\/li>\n<\/ul>\n<\/div>\n<p><button class=\"btn-leiamais\">Ver mais<\/button><\/p>\n<p>\n<\/div><\/div><\/div><div class=\"kc-elm kc-css-253978 kc_col-sm-4 kc_column kc_col-sm-4\"><div class=\"kc-col-container\"><div class=\"kc-elm kc-css-994469 kc_shortcode kc_single_image\">\n\n        <img src=\"https:\/\/www.fwll.com.br\/wp-content\/uploads\/fwll_guardabrasil.jpg\" class=\"\" alt=\"\" \/>    <\/div>\n\n<div class=\"kc-elm kc-css-200236 kc-title-wrap \">\n\n\t<h4 class=\"kc_title\">GUARDA BRASIL<\/h4>\n<\/div>\n<div class=\"kc-elm kc-css-199775 kc_text_block\"><\/p>\n<div class=\"leiamaishome\">\n<p><strong>Cliente<\/strong>: Guarda Brasil<br \/>\n<strong>Cidade<\/strong>: Curitiba \u2013 PR<\/p>\n<p>Servi\u00e7os Executados:<\/p>\n<ul>\n<li>Montagem de infraestrutura El\u00e9trica para Tomadas e ilumina\u00e7\u00e3o do Coworking<\/li>\n<li>Instala\u00e7\u00e3o de Sistema de Alarme de Inc\u00eandio<\/li>\n<li>Instala\u00e7\u00e3o de Rede de dados e voz<\/li>\n<\/ul>\n<\/div>\n<p><button class=\"btn-leiamais\">Ver mais<\/button><\/p>\n<p>\n<\/div><\/div><\/div><\/div><\/div><\/section><section class=\"kc-elm kc-css-209370 kc_row\"><div class=\"kc-row-container  kc-container\"><div class=\"kc-wrap-columns\"><div class=\"kc-elm kc-css-570053 kc_col-sm-12 kc_column kc_col-sm-12\"><div class=\"kc-col-container\"><div class=\"kc-elm kc-css-592828\" style=\"height: 60px; clear: both; width:100%;\"><\/div><\/div><\/div><\/div><\/div><\/section><section class=\"kc-elm kc-css-607999 kc_row\"><div class=\"kc-row-container  kc-container\"><div class=\"kc-wrap-columns\"><div class=\"kc-elm kc-css-490797 kc_col-sm-4 kc_column kc_col-sm-4\"><div class=\"kc-col-container\"><div class=\"kc-elm kc-css-130594 kc_shortcode kc_single_image\">\n\n        <img src=\"https:\/\/www.fwll.com.br\/wp-content\/uploads\/fwll_procopio.jpg\" class=\"\" alt=\"\" \/>    <\/div>\n\n<div class=\"kc-elm kc-css-122043 kc-title-wrap \">\n\n\t<h4 class=\"kc_title\">PROC\u00d3PIO<\/h4>\n<\/div>\n<div class=\"kc-elm kc-css-450078 kc_text_block\"><\/p>\n<div class=\"leiamaishome\">\n<p><strong>Cliente<\/strong>: Proc\u00f3pio<br \/>\n<strong>Cidade<\/strong>: Campo Largo \u2013 PR<\/p>\n<p>Servi\u00e7os Executados:<\/p>\n<ul>\n<li>Montagem de infraestrutura El\u00e9trica para Extrusora<\/li>\n<li>Montagem de infraestrutura El\u00e9trica para Ilumina\u00e7\u00e3o e tomadas de uso geral<\/li>\n<li>Retrofit de Ilumina\u00e7\u00e3o da \u00e1rea de Produ\u00e7\u00e3o da F\u00e1brica<\/li>\n<li>Mudan\u00e7a de Layout da \u00e1rea de produ\u00e7\u00e3o da F\u00e1brica<\/li>\n<\/ul>\n<\/div>\n<p><button class=\"btn-leiamais\">Ver mais<\/button><\/p>\n<p>\n<\/div><\/div><\/div><div class=\"kc-elm kc-css-894683 kc_col-sm-4 kc_column kc_col-sm-4\"><div class=\"kc-col-container\"><\/div><\/div><div class=\"kc-elm kc-css-465023 kc_col-sm-4 kc_column kc_col-sm-4\"><div class=\"kc-col-container\"><\/div><\/div><\/div><\/div><\/section><\/p>\n","protected":false},"excerpt":{"rendered":"","protected":false},"author":1,"featured_media":0,"parent":0,"menu_order":3,"comment_status":"closed","ping_status":"closed","template":"","meta":[],"_links":{"self":[{"href":"https:\/\/www.fwll.com.br\/index.php\/wp-json\/wp\/v2\/pages\/300"}],"collection":[{"href":"https:\/\/www.fwll.com.br\/index.php\/wp-json\/wp\/v2\/pages"}],"about":[{"href":"https:\/\/www.fwll.com.br\/index.php\/wp-json\/wp\/v2\/types\/page"}],"author":[{"embeddable":true,"href":"https:\/\/www.fwll.com.br\/index.php\/wp-json\/wp\/v2\/users\/1"}],"replies":[{"embeddable":true,"href":"https:\/\/www.fwll.com.br\/index.php\/wp-json\/wp\/v2\/comments?post=300"}],"version-history":[{"count":28,"href":"https:\/\/www.fwll.com.br\/index.php\/wp-json\/wp\/v2\/pages\/300\/revisions"}],"predecessor-version":[{"id":413,"href":"https:\/\/www.fwll.com.br\/index.php\/wp-json\/wp\/v2\/pages\/300\/revisions\/413"}],"wp:attachment":[{"href":"https:\/\/www.fwll.com.br\/index.php\/wp-json\/wp\/v2\/media?parent=300"}],"curies":[{"name":"wp","href":"https:\/\/api.w.org\/{rel}","templated":true}]}}