{"id":177,"date":"2018-08-30T11:20:07","date_gmt":"2018-08-30T14:20:07","guid":{"rendered":"http:\/\/www.fwll.com.br\/\/?page_id=177"},"modified":"2022-09-22T14:49:45","modified_gmt":"2022-09-22T17:49:45","slug":"servicos","status":"publish","type":"page","link":"https:\/\/www.fwll.com.br\/index.php\/servicos\/","title":{"rendered":"Servi\u00e7os"},"content":{"rendered":"<p><section class=\"kc-elm kc-css-715254 kc_row\"><div class=\"kc-row-container  kc-container\"><div class=\"kc-wrap-columns\"><div class=\"kc-elm kc-css-293770 kc_col-sm-12 kc_column kc_col-sm-12\"><div class=\"kc-col-container\"><div class=\"kc-elm kc-css-708707\" style=\"height: 20px; clear: both; width:100%;\"><\/div><\/div><\/div><\/div><\/div><\/section><section class=\"kc-elm kc-css-533305 kc_row\"><div class=\"kc-row-container  kc-container\"><div class=\"kc-wrap-columns\"><div class=\"kc-elm kc-css-655365 kc_col-sm-4 kc_column kc_col-sm-4\"><div class=\"kc-col-container\"><div class=\"kc-elm kc-css-536869 kc_shortcode kc_single_image\">\n\n        <img src=\"https:\/\/www.fwll.com.br\/wp-content\/uploads\/fwll-servicos-projetos.jpg\" class=\"\" alt=\"\" \/>    <\/div>\n\n<div class=\"kc-elm kc-css-126365 kc-title-wrap \">\n\n\t<h4 class=\"kc_title\">PROJETOS<\/h4>\n<\/div>\n<div class=\"kc-elm kc-css-696667 kc_text_block\"><\/p>\n<div class=\"leiamaishome\">\n<ul>\n<li>Instala\u00e7\u00f5es El\u00e9trica<\/li>\n<li>Entrada de Energia em M\u00e9dia Tens\u00e3o<\/li>\n<li>Instala\u00e7\u00f5es Hidr\u00e1ulica<\/li>\n<li>Alarme de Inc\u00eandio<\/li>\n<li>Rede de Hidrantes<\/li>\n<li>Rede Sprinkler<\/li>\n<li>Acessibilidade<\/li>\n<li>PPCI<\/li>\n<li>Linha de Vida<\/li>\n<li>Energia Solar Fotovoltaica<\/li>\n<li>SPDA (Sistema de Preven\u00e7\u00e3o de Descargas Atmosf\u00e9ricas)<\/li>\n<\/ul>\n<\/div>\n<p><button class=\"btn-leiamais\">Ver mais<\/button><\/p>\n<p>\n<\/div><\/div><\/div><div class=\"kc-elm kc-css-7396 kc_col-sm-4 kc_column kc_col-sm-4\"><div class=\"kc-col-container\"><div class=\"kc-elm kc-css-484976 kc_shortcode kc_single_image\">\n\n        <img src=\"https:\/\/www.fwll.com.br\/wp-content\/uploads\/fwll_servicos_eletricos.jpg\" class=\"\" alt=\"\" \/>    <\/div>\n\n<div class=\"kc-elm kc-css-604157 kc-title-wrap \">\n\n\t<h4 class=\"kc_title\">SERVI\u00c7OS EL\u00c9TRICOS<\/h4>\n<\/div>\n<div class=\"kc-elm kc-css-161019 kc_text_block\"><\/p>\n<div class=\"leiamaishome\">\n<p><strong>Projetos el\u00e9tricos:<\/strong><\/p>\n<ul>\n<li>CFTV<\/li>\n<li>Telefonia<\/li>\n<li>Rede de Dados<\/li>\n<li>Luminot\u00e9cnico<\/li>\n<li>Automa\u00e7\u00e3o.<\/li>\n<\/ul>\n<p><strong>Novas instala\u00e7\u00f5es:<\/strong><\/p>\n<ul>\n<li>Instala\u00e7\u00e3o de Disjuntores de M\u00e9dia tens\u00e3o<\/li>\n<li>Entrada de Energia de Media Tens\u00e3o<\/li>\n<li>Instala\u00e7\u00e3o de Transformadores<\/li>\n<li>Instala\u00e7\u00e3o e parametriza\u00e7\u00e3o de Rel\u00e9 de Prote\u00e7\u00e3o.<\/li>\n<li>Instala\u00e7\u00e3o de Fonte Capacitiva<\/li>\n<li>Instala\u00e7\u00e3o de QGBT e quadro de distribui\u00e7\u00e3o<\/li>\n<li>Instala\u00e7\u00e3o de Infraestrutura de Eletrocalhas e perfilados<\/li>\n<li>Instala\u00e7\u00f5es de Ramais Alimentadores<br \/>\nTermografia<\/li>\n<\/ul>\n<p><strong>SPDA: (Conforme ABNT NBR 5419-3)<\/strong><\/p>\n<ul>\n<li>Instala\u00e7\u00f5es ou reparos em sistemas de Preven\u00e7\u00e3o de Descargas Atmosf\u00e9ricas.<\/li>\n<li>Projeto e Instala\u00e7\u00f5es de Malha de Aterramento<\/li>\n<\/ul>\n<p><strong>Reformas:<\/strong><\/p>\n<ul>\n<li>Reforma e readequa\u00e7\u00e3o de infraestrutura<\/li>\n<li>Manuten\u00e7\u00e3o Preventiva, Corretiva e Preditiva<\/li>\n<\/ul>\n<\/div>\n<p><button class=\"btn-leiamais\">Ver mais<\/button><\/p>\n<p>\n<\/div><\/div><\/div><div class=\"kc-elm kc-css-616371 kc_col-sm-4 kc_column kc_col-sm-4\"><div class=\"kc-col-container\"><div class=\"kc-elm kc-css-331588 kc_shortcode kc_single_image\">\n\n        <img src=\"https:\/\/www.fwll.com.br\/wp-content\/uploads\/fwll-servicos-placa-solar.jpg\" class=\"\" alt=\"\" \/>    <\/div>\n\n<div class=\"kc-elm kc-css-957036 kc-title-wrap \">\n\n\t<h4 class=\"kc_title\">PLACAS SOLARES<\/h4>\n<\/div>\n<div class=\"kc-elm kc-css-951102 kc_text_block\"><\/p>\n<div class=\"leiamaishome\">\n<ul>\n<li>Cria\u00e7\u00e3o de projeto espec\u00edfico, acompanhamento t\u00e9cnico e instala\u00e7\u00e3o<\/li>\n<li>Manuten\u00e7\u00e3o e atualiza\u00e7\u00e3o do sistema<\/li>\n<\/ul>\n<\/div>\n<p><button class=\"btn-leiamais\" style=\"display: none;\">Ver mais<\/button><\/p>\n<p>\n<\/div><\/div><\/div><\/div><\/div><\/section><section class=\"kc-elm kc-css-13409 kc_row\"><div class=\"kc-row-container  kc-container\"><div class=\"kc-wrap-columns\"><div class=\"kc-elm kc-css-731669 kc_col-sm-4 kc_column kc_col-sm-4\"><div class=\"kc-col-container\"><div class=\"kc-elm kc-css-844451 kc_shortcode kc_single_image\">\n\n        <img src=\"https:\/\/www.fwll.com.br\/wp-content\/uploads\/fwll-servicos-hidro.jpg\" class=\"\" alt=\"\" \/>    <\/div>\n\n<div class=\"kc-elm kc-css-469945 kc-title-wrap \">\n\n\t<h4 class=\"kc_title\">INSTALA\u00c7\u00d5ES HIDR\u00c1ULICAS<\/h4>\n<\/div>\n<div class=\"kc-elm kc-css-116176 kc_text_block\"><\/p>\n<div class=\"leiamaishome\">\n<p><strong>Projetos:<\/strong><\/p>\n<ul>\n<li>Reservat\u00f3rio Elevado e Cisterna de \u00c1gua pot\u00e1vel<\/li>\n<li>Hidrossanit\u00e1rio<\/li>\n<li>Esgoto<\/li>\n<li>Projeto de esta\u00e7\u00e3o de Tratamento de Efluentes<\/li>\n<li>Aquecimento de \u00c1gua<\/li>\n<\/ul>\n<p><strong>Novas Instala\u00e7\u00f5es:<\/strong><\/p>\n<ul>\n<li>Instala\u00e7\u00f5es de Bomba de Drenagem, Bomba de Recalque e Bomba de Pressuriza\u00e7\u00e3o<\/li>\n<li>Instala\u00e7\u00f5es de bomba de Circula\u00e7\u00f5es<\/li>\n<li>Instala\u00e7\u00f5es de Cloradores<\/li>\n<li>Implanta\u00e7\u00f5es de esta\u00e7\u00f5es de tratamento de \u00c1gua de Reuso<\/li>\n<li>Corre\u00e7\u00e3o de Pontos com vazamento ou Corros\u00e3o<\/li>\n<\/ul>\n<p><strong>Reforma e manuten\u00e7\u00e3o<\/strong><\/p>\n<ul>\n<li>Manuten\u00e7\u00e3o Preventiva, Corretiva e Preditiva<\/li>\n<\/ul>\n<\/div>\n<p><button class=\"btn-leiamais\">Ver mais<\/button><\/p>\n<p>\n<\/div><\/div><\/div><div class=\"kc-elm kc-css-422745 kc_col-sm-4 kc_column kc_col-sm-4\"><div class=\"kc-col-container\"><div class=\"kc-elm kc-css-879633 kc_shortcode kc_single_image\">\n\n        <img src=\"https:\/\/www.fwll.com.br\/wp-content\/uploads\/fwll_incendio.jpg\" class=\"\" alt=\"\" \/>    <\/div>\n\n<div class=\"kc-elm kc-css-69836 kc-title-wrap \">\n\n\t<h4 class=\"kc_title\">PROJETO DE PREVEN\u00c7\u00c3O E COMBATE A INC\u00caNDIO<\/h4>\n<\/div>\n<div class=\"kc-elm kc-css-39924 kc_text_block\"><\/p>\n<div class=\"leiamaishome\">\n<ul>\n<li>Projeto PPCI<\/li>\n<li>Reservat\u00f3rio de \u00e1gua<\/li>\n<li>Bombas el\u00e9tricas, combust\u00e3o e Bomba Jockey<\/li>\n<li>Sistemas Hidrantes e tubula\u00e7\u00e3o para hidrantes<\/li>\n<li>Sistemas de Sprinkler<\/li>\n<li>Implanta\u00e7\u00e3o e Manuten\u00e7\u00e3o Sistemas de<\/li>\n<li>Detec\u00e7\u00e3o e Alarme de Inc\u00eandio<\/li>\n<li>Instala\u00e7\u00e3o Sistema Ranhurado Grooved.<\/li>\n<li>Instala\u00e7\u00e3o Porta Anti P\u00e2nico<\/li>\n<li>Sistema de Sinaliza\u00e7\u00e3o \/ Ilumina\u00e7\u00e3o \/ Sa\u00edda de Emerg\u00eancia<\/li>\n<li>Manuten\u00e7\u00e3o Extintores \/ Mangueiras \/ Bicos \/ Placas de Sinaliza\u00e7\u00e3o<\/li>\n<\/ul>\n<\/div>\n<p><button class=\"btn-leiamais\">Ver mais<\/button><\/p>\n<p>\n<\/div><\/div><\/div><div class=\"kc-elm kc-css-915786 kc_col-sm-4 kc_column kc_col-sm-4\"><div class=\"kc-col-container\"><div class=\"kc-elm kc-css-145010 kc_shortcode kc_single_image\">\n\n        <img src=\"https:\/\/www.fwll.com.br\/wp-content\/uploads\/fwll_linha_de_vida.jpg\" class=\"\" alt=\"\" \/>    <\/div>\n\n<div class=\"kc-elm kc-css-588667 kc-title-wrap \">\n\n\t<h4 class=\"kc_title\">ANCORAGEM DE LINHAS DE VIDA<\/h4>\n<\/div>\n<div class=\"kc-elm kc-css-155154 kc_text_block\"><\/p>\n<p>Instala\u00e7\u00e3o de Ganchos para ancoragem e Linhas de vida nos Trabalhos executados\u00a0em altura nas \u00e1reas internas ou externas<\/p>\n<p>\n<\/div><\/div><\/div><\/div><\/div><\/section><section class=\"kc-elm kc-css-639162 kc_row\"><div class=\"kc-row-container  kc-container\"><div class=\"kc-wrap-columns\"><div class=\"kc-elm kc-css-300668 kc_col-sm-4 kc_column kc_col-sm-4\"><div class=\"kc-col-container\"><div class=\"kc-elm kc-css-785117 kc_shortcode kc_single_image\">\n\n        <img src=\"https:\/\/www.fwll.com.br\/wp-content\/uploads\/fwll_laudos.jpg\" class=\"\" alt=\"\" \/>    <\/div>\n\n<div class=\"kc-elm kc-css-847602 kc-title-wrap \">\n\n\t<h4 class=\"kc_title\">EMISS\u00c3O DE LAUDOS T\u00c9CNICOS<\/h4>\n<\/div>\n<div class=\"kc-elm kc-css-829516 kc_text_block\"><\/p>\n<div class=\"leiamaishome\">\n<ul>\n<li>SPDA (Sistema de Preven\u00e7\u00e3o de Descargas Atmosf\u00e9ricas)<\/li>\n<li>Estanqueidade de G\u00e1s<\/li>\n<li>Sistema de Detec\u00e7\u00e3o e Alarme de Inc\u00eandio<\/li>\n<li>Teste de Sonoridade<\/li>\n<li>Teste Hidrost\u00e1tico em Mangueiras de Inc\u00eandio<\/li>\n<li>Medi\u00e7\u00e3o de Luminosidade<\/li>\n<li>Termografia<\/li>\n<li>Meg\u00f3metro (Isolamento Cabos de Media Tens\u00e3o)<\/li>\n<li>Parametriza\u00e7\u00e3o de Rel\u00e9<\/li>\n<li>Detector de G\u00e1s Combust\u00edvel<\/li>\n<\/ul>\n<\/div>\n<p><button class=\"btn-leiamais\">Ver mais<\/button><\/p>\n<p>\n<\/div><\/div><\/div><div class=\"kc-elm kc-css-408368 kc_col-sm-4 kc_column kc_col-sm-4\"><div class=\"kc-col-container\"><\/div><\/div><div class=\"kc-elm kc-css-756917 kc_col-sm-4 kc_column kc_col-sm-4\"><div class=\"kc-col-container\"><\/div><\/div><\/div><\/div><\/section><section class=\"kc-elm kc-css-93404 kc_row\"><div class=\"kc-row-container  kc-container\"><div class=\"kc-wrap-columns\"><div class=\"kc-elm kc-css-179748 kc_col-sm-12 kc_column kc_col-sm-12\"><div class=\"kc-col-container\"><div class=\"kc-elm kc-css-277104\" style=\"height: 60px; clear: both; width:100%;\"><\/div><\/div><\/div><\/div><\/div><\/section><section class=\"kc-elm kc-css-499491 kc_row\"><div class=\"kc-row-container  kc-container\"><div class=\"kc-wrap-columns\"><div class=\"kc-elm kc-css-169387 kc_col-sm-12 kc_column kc_col-sm-12\"><div class=\"kc-col-container\"><div class=\"kc-elm kc-css-782680 kc_text_block\"><p><\/p>\n<\/div><\/div><\/div><\/div><\/div><\/section><section class=\"kc-elm kc-css-987646 kc_row\"><div class=\"kc-row-container  kc-container\"><div class=\"kc-wrap-columns\"><div class=\"kc-elm kc-css-202611 kc_col-sm-12 kc_column kc_col-sm-12\"><div class=\"kc-col-container\"><div class=\"kc-elm kc-css-942197 kc_text_block\"><p><\/p>\n<\/div><\/div><\/div><\/div><\/div><\/section><\/p>\n","protected":false},"excerpt":{"rendered":"","protected":false},"author":1,"featured_media":0,"parent":0,"menu_order":3,"comment_status":"closed","ping_status":"closed","template":"","meta":[],"_links":{"self":[{"href":"https:\/\/www.fwll.com.br\/index.php\/wp-json\/wp\/v2\/pages\/177"}],"collection":[{"href":"https:\/\/www.fwll.com.br\/index.php\/wp-json\/wp\/v2\/pages"}],"about":[{"href":"https:\/\/www.fwll.com.br\/index.php\/wp-json\/wp\/v2\/types\/page"}],"author":[{"embeddable":true,"href":"https:\/\/www.fwll.com.br\/index.php\/wp-json\/wp\/v2\/users\/1"}],"replies":[{"embeddable":true,"href":"https:\/\/www.fwll.com.br\/index.php\/wp-json\/wp\/v2\/comments?post=177"}],"version-history":[{"count":68,"href":"https:\/\/www.fwll.com.br\/index.php\/wp-json\/wp\/v2\/pages\/177\/revisions"}],"predecessor-version":[{"id":424,"href":"https:\/\/www.fwll.com.br\/index.php\/wp-json\/wp\/v2\/pages\/177\/revisions\/424"}],"wp:attachment":[{"href":"https:\/\/www.fwll.com.br\/index.php\/wp-json\/wp\/v2\/media?parent=177"}],"curies":[{"name":"wp","href":"https:\/\/api.w.org\/{rel}","templated":true}]}}