{"id":10,"date":"2018-08-28T19:55:39","date_gmt":"2018-08-28T22:55:39","guid":{"rendered":"http:\/\/www.fwll.com.br\/\/?page_id=10"},"modified":"2019-08-09T13:47:28","modified_gmt":"2019-08-09T16:47:28","slug":"home","status":"publish","type":"page","link":"https:\/\/www.fwll.com.br\/","title":{"rendered":"Home"},"content":{"rendered":"<p><section class=\"kc-elm kc-css-390976 kc_row\"><div class=\"kc-row-container  kc-container\"><div class=\"kc-wrap-columns\"><div class=\"kc-elm kc-css-534909 kc_col-sm-4 kc_column kc_col-sm-4\"><div class=\"kc-col-container\"><div class=\"kc-elm kc-css-690139 kc-feature-boxes kc-fb-layout-1 clearBoth\">\n\n\t<div class=\"content-icon\"><i class=\"sl-energy\"><\/i><\/div><div class=\"content-title\">Servi\u00e7os El\u00e9tricos<\/div><div class=\"content-desc\">Projetos: El\u00e9tricos, CFTV, Telefonia, Rede de Dados, Luminot\u00e9cnico, Automa\u00e7\u00e3o.<\/div><div class=\"content-button\"><a href=\"http:\/\/www.fwll.com.br\/\/index.php\/servicos\/\" target=\"_self\" title=\"\">Saiba mais<\/a><\/div>\n<\/div>\n<\/div><\/div><div class=\"kc-elm kc-css-449303 kc_col-sm-4 kc_column kc_col-sm-4\"><div class=\"kc-col-container\"><div class=\"kc-elm kc-css-482102 kc-feature-boxes kc-fb-layout-1\">\n\n\t<div class=\"content-icon\"><i class=\"sl-wrench\"><\/i><\/div><div class=\"content-title\">Servi\u00e7os Hidr\u00e1ulicos<\/div><div class=\"content-desc\">Projetos: Reservat\u00f3rio Elevado e Cisterna de \u00c1gua pot\u00e1vel, Hidrossanitario, Esgoto, Esta\u00e7\u00e3o\r\nde Tratamento de Efluentes, Aquecimento de \u00c1gua, Sprinkler<\/div><div class=\"content-button\"><a href=\"http:\/\/www.fwll.com.br\/\/index.php\/servicos\/\" target=\"_self\" title=\"\">Saiba mais<\/a><\/div>\n<\/div>\n\n<div class=\"kc-elm kc-css-496397\">\n\t<a class=\"kc_button\" href=\"https:\/\/www.fwll.com.br\/index.php\/servicos\/\" target=\"_self\" title=\"\" onclick=\"\">\n\t\tMais servi\u00e7os\t<\/a>\n<\/div>\n<\/div><\/div><div class=\"kc-elm kc-css-598682 kc_col-sm-4 kc_column kc_col-sm-4\"><div class=\"kc-col-container\"><div class=\"kc-elm kc-css-779679 kc-feature-boxes kc-fb-layout-1\">\n\n\t<div class=\"content-icon\"><i class=\"sl-fire\"><\/i><\/div><div class=\"content-title\">PROJETO DE PREVEN\u00c7\u00c3O E COMBATE A INC\u00caNDIO<\/div><div class=\"content-desc\">Projetos PPCI, Implanta\u00e7\u00e3o e\/ ou Manuten\u00e7\u00e3o de Sistema de Detec\u00e7\u00e3o e Alarme de Inc\u00eandio.<\/div><div class=\"content-button\"><a href=\"http:\/\/www.fwll.com.br\/\/index.php\/servicos\/\" target=\"_self\" title=\"\">Saiba mais<\/a><\/div>\n<\/div>\n<\/div><\/div><\/div><\/div><\/section><section class=\"kc-elm kc-css-149088 kc_row\"><div class=\"kc-row-container  kc-container\"><div class=\"kc-wrap-columns\"><div class=\"kc-elm kc-css-61223 kc_col-sm-12 kc_column kc_col-sm-12\"><div class=\"kc-col-container\"><div class=\"kc-elm kc-css-605230\" style=\"height: 10px; clear: both; width:100%;\"><\/div><\/div><\/div><\/div><\/div><\/section><section data-kc-fullwidth=\"row\" data-kc-parallax=\"true\" class=\"kc-elm kc-css-948160 kc_row\"><div class=\"kc-row-container  kc-container\"><div class=\"kc-wrap-columns\"><div class=\"kc-elm kc-css-244770 kc_col-sm-12 kc_column kc_col-sm-12\"><div class=\"kc-col-container\">\n<div class=\"kc-elm kc-css-306864 kc-title-wrap \">\n\n\t<h1 class=\"kc_title\">Entre em contato<\/h1>\n<\/div>\n<div class=\"kc-elm kc-css-658478 kc_text_block\"><\/p>\n<p style=\"text-align: center;\">Quer saber como o nosso trabalho funciona e como podemos ajud\u00e1-lo?<br \/>\nEntre em contato conosco!<\/p>\n<p>\n<\/div>\n<div class=\"kc-elm kc-css-601130 kc-pro-button kc-button-10\">\n\t<a href=\"https:\/\/www.fwll.com.br\/index.php\/contato\/\">\n\t\t<span class=\"creative_title\">Clique aqui<\/span> <span class=\"creative_icon creative_icon_right\"> <i class=\"fa-arrow-circle-right\"><\/i> <\/span>\t<\/a>\n<\/div>\n<\/div><\/div><\/div><\/div><\/section><\/p>\n","protected":false},"excerpt":{"rendered":"","protected":false},"author":1,"featured_media":0,"parent":0,"menu_order":1,"comment_status":"closed","ping_status":"closed","template":"","meta":[],"_links":{"self":[{"href":"https:\/\/www.fwll.com.br\/index.php\/wp-json\/wp\/v2\/pages\/10"}],"collection":[{"href":"https:\/\/www.fwll.com.br\/index.php\/wp-json\/wp\/v2\/pages"}],"about":[{"href":"https:\/\/www.fwll.com.br\/index.php\/wp-json\/wp\/v2\/types\/page"}],"author":[{"embeddable":true,"href":"https:\/\/www.fwll.com.br\/index.php\/wp-json\/wp\/v2\/users\/1"}],"replies":[{"embeddable":true,"href":"https:\/\/www.fwll.com.br\/index.php\/wp-json\/wp\/v2\/comments?post=10"}],"version-history":[{"count":89,"href":"https:\/\/www.fwll.com.br\/index.php\/wp-json\/wp\/v2\/pages\/10\/revisions"}],"predecessor-version":[{"id":332,"href":"https:\/\/www.fwll.com.br\/index.php\/wp-json\/wp\/v2\/pages\/10\/revisions\/332"}],"wp:attachment":[{"href":"https:\/\/www.fwll.com.br\/index.php\/wp-json\/wp\/v2\/media?parent=10"}],"curies":[{"name":"wp","href":"https:\/\/api.w.org\/{rel}","templated":true}]}}